
{"id":975,"date":"2018-11-14T14:05:29","date_gmt":"2018-11-14T14:05:29","guid":{"rendered":"https:\/\/misshowtostartablog.com\/?page_id=975"},"modified":"2019-01-31T06:45:56","modified_gmt":"2019-01-31T06:45:56","slug":"como-empezar-un-blog","status":"publish","type":"page","link":"https:\/\/misshowtostartablog.com\/es\/","title":{"rendered":"C\u00d3MO EMPEZAR UN BLOG"},"content":{"rendered":"<p style=\"text-align: left;\">\u00a1Bienvenido a mi blog sobre c\u00f3mo iniciar un blog! \u00a1Genial, haz dado tu primer paso del pie en el mundo de blogging! Cr\u00e9eme, una vez que uno se pone en marcha, puede convertirse en adictivo. Vamos al punto:<\/p>\n<ol>\n<li style=\"text-align: left;\"><strong>Decidir acerca de que desea bloggear<\/strong><\/li>\n<li style=\"text-align: left;\"><strong>Decidir usar un host o no usarlo<\/strong><\/li>\n<li style=\"text-align: left;\"><strong>Buscar un nombre de dominio<\/strong><br \/>\n&gt; GoDaddy tiene una buena b\u00fasqueda de dominio. Dir\u00edjase a <a href=\"https:\/\/misshowtostartablog.com\/godaddy\">GoDaddy<\/a> para comprobarlo.<\/li>\n<li style=\"text-align: left;\"><strong>Busque un host para su blog<\/strong><br \/>\n&gt; <a href=\"https:\/\/misshowtostartablog.com\/bluehost\" target=\"_blank\" rel=\"noopener\">BlueHost<\/a> oofrece una instalaci\u00f3n de WordPress en \u00abUn-Click\u00bb con todos sus paquetes de alojamiento web. Bluehost aparece como un buen anfitri\u00f3n de WP en el sitio de WordPress.<\/li>\n<\/ol>\n<p style=\"text-align: left;\">Qu\u00e9 tipo de blog que est\u00e1n planeando comenzar?:<\/p>\n<p style=\"text-align: center;\"><img loading=\"lazy\" class=\"alignnone wp-image-788 size-full\" src=\"http:\/\/misshowtostartablog.com\/wp-content\/uploads\/2016\/12\/buttena-150x150.png\" width=\"150\" height=\"150\" \/><img loading=\"lazy\" class=\"alignnone wp-image-784 \" src=\"http:\/\/misshowtostartablog.com\/wp-content\/uploads\/2016\/12\/buttenb-1.png\" width=\"150\" height=\"150\" srcset=\"https:\/\/misshowtostartablog.com\/wp-content\/uploads\/2016\/12\/buttenb-1.png 183w, https:\/\/misshowtostartablog.com\/wp-content\/uploads\/2016\/12\/buttenb-1-150x150.png 150w\" sizes=\"(max-width: 150px) 100vw, 150px\" \/><img loading=\"lazy\" class=\"alignnone wp-image-785 size-full\" src=\"http:\/\/misshowtostartablog.com\/wp-content\/uploads\/2016\/12\/buttenc-150x150.png\" width=\"150\" height=\"150\" \/><img loading=\"lazy\" class=\"alignnone wp-image-786 size-full\" src=\"http:\/\/misshowtostartablog.com\/wp-content\/uploads\/2016\/12\/buttend-150x150.png\" width=\"150\" height=\"150\" \/><\/p>\n<p>\u00a1Haga clic en el enlace y mi gu\u00eda le explicar\u00e1 todo lo que necesita saber!<\/p>\n<p>Esta publicaci\u00f3n ha sido traducida al indonesio (<a href=\"https:\/\/misshowtostartablog.com\/id\/\">Cara membuat blog<\/a>)<\/p>\n<hr \/>\n<div id=\"toc_container\" class=\"toc_white no_bullets\"><p class=\"toc_title\">Contents<\/p><ul class=\"toc_list\"><li><a href=\"#Como_empezar_un_blog_regular\"><span class=\"toc_number toc_depth_1\">1<\/span> C\u00f3mo empezar un blog regular<\/a><\/li><li><a href=\"#1_Decide_sobre_que_quiere_escribir_su_Blog\"><span class=\"toc_number toc_depth_1\">2<\/span> 1. . Decide sobre que quiere escribir su Blog<\/a><\/li><li><a href=\"#2_Decide_alojar_tu_pagina_en_un_host_o_no\"><span class=\"toc_number toc_depth_1\">3<\/span> 2. Decide alojar tu p\u00e1gina en un host o no<\/a><\/li><li><a href=\"#3_Busca_un_nombre_de_dominio\"><span class=\"toc_number toc_depth_1\">4<\/span> 3. Busca un nombre de dominio<\/a><\/li><li><a href=\"#4_Encuentra_un_host_web_para_tu_blog\"><span class=\"toc_number toc_depth_1\">5<\/span> 4. Encuentra un host web para tu blog<\/a><\/li><li><a href=\"#5_Instalar_WordPress\"><span class=\"toc_number toc_depth_1\">6<\/span> 5. Instalar WordPress<\/a><\/li><li><a href=\"#6_Agregar_tema\"><span class=\"toc_number toc_depth_1\">7<\/span> 6. Agregar tema<\/a><\/li><\/ul><\/div>\n<h2><span id=\"Como_empezar_un_blog_regular\">C\u00f3mo empezar un blog regular<\/span><\/h2>\n<p>Amigos y miembros de la familia a menudo me preguntan <a href=\"https:\/\/misshowtostartablog.com\/\">c\u00f3mo iniciar un blog<\/a>, y siempre me gusta explicar las ventajas de un blog en un sitio web tradicional, pero es una informaci\u00f3n mucho para tomar durante la cena. Pens\u00e9 que iba a documentar el proceso para que sea m\u00e1s f\u00e1cil de entender<br \/>\n<img loading=\"lazy\" class=\"alignnone size-full wp-image-490\" src=\"http:\/\/misshowtostartablog.com\/wp-content\/uploads\/2014\/10\/typewriter-htsblog.jpg\" alt=\"typewriter-htsblog\" width=\"720\" height=\"267\" srcset=\"https:\/\/misshowtostartablog.com\/wp-content\/uploads\/2014\/10\/typewriter-htsblog.jpg 720w, https:\/\/misshowtostartablog.com\/wp-content\/uploads\/2014\/10\/typewriter-htsblog-300x111.jpg 300w\" sizes=\"(max-width: 720px) 100vw, 720px\" \/><\/p>\n<h2><span id=\"1_Decide_sobre_que_quiere_escribir_su_Blog\">1. . Decide sobre que quiere escribir su Blog<\/span><\/h2>\n<p>Ya hay muchos bloggers en la web. Si deseas atraer a los lectores, vas a tener que establecer credibilidad. No s\u00f3lo blog sobre cualquier cosa. Elige un tema que te apasiona. Algo en que tengas mucha experiencia. Algunos ejemplos podr\u00edan ser la moda, la comida o el dise\u00f1o.<\/p>\n<h2><span id=\"2_Decide_alojar_tu_pagina_en_un_host_o_no\">2. Decide alojar tu p\u00e1gina en un host o no<\/span><\/h2>\n<p>Cuando se trata de iniciar un blog, la mayor decisi\u00f3n ser\u00e1 si desea alojar el blog o utilizar un servicio gratuito de blogs que ya est\u00e1 alojado.<\/p>\n<p><strong>Servicios de blogs gratuitos<\/strong><br \/>\nS\u00ed, es gratis, pero nada es realmente gratis. Cuando inicias un blog con un servicio de blogs gratuito, no obtiene su propio dominio. Obtienes algo como mygreatblog.blogspot.com (donde hay un mill\u00f3n de otros blogs) y en realidad no eres el propietario del blog. Si alguna vez decides moverte a tu propio dominio, no tienes manera de llevar a tus lectores contigo, porque no tienes control sobre el sitio.<\/p>\n<p><strong>Barato &#8211; Aloje su propio blog usando WordPress gratis Blog de software<\/strong><br \/>\nEste es el m\u00e9todo que sugiero, porque ofrece mucha m\u00e1s flexibilidad y libertad para hacer lo que quieras. Tendr\u00e1s tu propio nombre de dominio, como misshowtostartablog.com. Puedes conseguir esto por tan poco como $30 por a\u00f1o. En mi experiencia, WordPress es excelente software de blog gratuito que le permite flexibilidad y espacio para crecer.<\/p>\n<p>Si deseas alojar el blog, sigue leyendo.<br \/>\n<a name=\"domains\"><\/a><\/p>\n<h2><span id=\"3_Busca_un_nombre_de_dominio\">3. Busca un nombre de dominio<\/span><\/h2>\n<p><a name=\"domains\"><\/a><\/p>\n<p>Para m\u00ed esta parte es divertida. Ya sabes cu\u00e1l es tu tema, as\u00ed que ahora tienes que encontrar un buen nombre de dominio.<\/p>\n<p>Hay un mont\u00f3n de lugares para comprar dominios, pero es mejor ir con una empresa de renombre.<\/p>\n<p><b>Godaddy<\/b> tiene una buena b\u00fasqueda de dominio, y actualmente ofrece dominios por $ 1.99 (normalmente alrededor de $ 10 o m\u00e1s por a\u00f1o). Dir\u00edgete a GoDaddy (ver enlace m\u00e1s abajo) para comprobarlo.<\/p>\n<h2><span id=\"4_Encuentra_un_host_web_para_tu_blog\">4. Encuentra un host web para tu blog<\/span><\/h2>\n<p><a name=\"hosting\"><\/a><\/p>\n<p>Por mucho, la forma m\u00e1s f\u00e1cil de obtener un sitio web es ir con una empresa de alojamiento que ofrece \u00abinstalaciones de un- clic\u00bb, o instalaciones instant\u00e1neas para blogs y software de foro. Blogs y Foros hacen posible que alguien sin experiencia obtenga un buen contenido r\u00e1pido.<\/p>\n<p><b><big>Hosts con instalaci\u00f3n de \u00ab1-click\u00bb (f\u00e1cil)<\/big><\/b><\/p>\n<p><b>GoDaddy Blog Hosting<\/b><br \/>\nGodaddy tiene un &#8216;instalaci\u00f3n de un clic&#8217; plan econ\u00f3mico de alojamiento WordPress que es realmente una gran oferta ($ 1,99 \/ mes (s\u00f3lo $ 24 \/ a\u00f1o). Ir a <a style=\"color: #4289c0;\" href=\"https:\/\/misshowtostartablog.com\/godaddy\" target=\"_blank\" rel=\"nofollow noopener\">GoDaddy<\/a> para comprobarlo.<\/p>\n<p><b>BlueHost Blog Hosting<\/b><br \/>\nBlueHost ofrece una instalaci\u00f3n de \u00abOne-Click\u00bb WordPress con todos sus paquetes de webhosting. Los planes comienzan alrededor de $ 4.00 \/ month ($ 3.95 \/ mes &#8211; y esto incluye un nombre de dominio gratis). Disponible en <a href=\"https:\/\/misshowtostartablog.com\/bluehost\">BlueHost.com<\/a>. Se enumeran en el sitio de WordPress como un buen anfitri\u00f3n de WP.<\/p>\n<p><b><big>Otra opci\u00f3n \u00abf\u00e1cil\u00bb<\/big><\/b><\/p>\n<p><b>Creador de sitios web<\/b><br \/>\nSi deseas obtener un sitio web y ponerlo en marcha r\u00e1pidamente y no tienes conocimientos t\u00e9cnicos, Godaddy Website Builder es una gran opci\u00f3n. Puedes elegir entre un mont\u00f3n de temas profesionales \/ dise\u00f1os, hacer un poco de personalizaci\u00f3n, y tener un sitio web en muy poco tiempo. Otro beneficio de este servicio es que viene con una versi\u00f3n m\u00f3vil gratuita de su sitio. Dir\u00edjase a <a href=\"https:\/\/misshowtostartablog.com\/godaddy\">GoDaddy <\/a>para probarlo.<\/p>\n<h2><span id=\"5_Instalar_WordPress\">5. Instalar WordPress<\/span><\/h2>\n<p><strong>Descripci\u00f3n general de la instalaci\u00f3n<\/strong> Si tienes experiencia con la instalaci\u00f3n de aplicaciones web que utilizan mySQL, esto puede durar tan poco como 5 minutos, y los 5 pasos a continuaci\u00f3n pueden ser todo lo que necesitas, sin embargo, he explicado cada paso m\u00e1s abajo para los principiantes.<\/p>\n<ol>\n<li>Asegurarse de que el host cumple con los requisitos.<\/li>\n<li>Asegurarse de tener una base de datos lista con el nombre de usuario y la contrase\u00f1a adecuados.<\/li>\n<li>Descargar y descomprimir WordPress.<\/li>\n<li>En la carpeta WordPress, busca y haz una copia de <code>wp-config-sample.php<\/code>. Cambia el nombre de la copia a <code>wp-config.php<\/code> y completa los detalles de la base de datos. Guarda el archivo nuevo.<\/li>\n<li>Carga todos los archivos en el directorio de su host donde desees que el blog viva.<\/li>\n<li>6. Ejecute el archivo de instalaci\u00f3n. <code>install-folder\/wp-admin\/install.php<\/code>.<\/li>\n<\/ol>\n<p><strong><a name=\"requirements\"><\/a>Requisitos:<br \/>\n<\/strong>Para ejecutar WordPress tu alojador o host s\u00f3lo necesita un par de cosas:<\/p>\n<ul>\n<li>Versi\u00f3n de PHP 4.3 o superior<\/li>\n<li>MySQL versi\u00f3n 4.1.2 o superior<\/li>\n<\/ul>\n<p><strong><a name=\"database\"><\/a>Crear una base de datos<\/strong><br \/>\nPor lo general, puedes hacer esto en el panel de control de alojamiento. Si no est\u00e1s seguro de c\u00f3mo hacer esto, pregunta a tu empresa de alojamiento. Despu\u00e9s de configurarlo, debes tener 4 partes de informaci\u00f3n sobre la base de datos.<\/p>\n<p>1. <strong>Nombre de la base de datos:<\/strong> el nombre de tu base de datos.<br \/>\n2. <strong>Nombre de usuario:<\/strong> nombre de usuario de la base de datos.<br \/>\n3. <strong>Contrase\u00f1a<\/strong>: contrase\u00f1a de la base de datos. contrase\u00f1a de la base de datos.<br \/>\n4. <strong>Nombre de host:<\/strong> va a ser un nombre de host. Puede ser algo como mysql.mydomain.com, o simplemente localhost.<\/p>\n<p>Sin estas 4 cosas, no podr\u00e1s configurar WordPress. Una vez m\u00e1s, ponte en contacto con el soporte t\u00e9cnico de la empresa de alojamiento si tienes alg\u00fan problema con esto.<\/p>\n<p><strong><a name=\"download\"><\/a>Descargar la versi\u00f3n actual de WordPress.<\/strong><br \/>\nEsto es f\u00e1cil. Basta con descargar la versi\u00f3n actual. Puede elegir entre el archivo ZIP o TAR.GZ. Creo que el archivo TAR.GZ puede ser m\u00e1s peque\u00f1o, pero siempre descargar el ZIP.<\/p>\n<p><strong>Descomprimir el archivo ZIP de WordPress.<\/strong><br \/>\nOtra vez esto es f\u00e1cil.<\/p>\n<p><strong><a name=\"wp-config\"><\/a>Configurar WordPress<\/strong><br \/>\nAbre la carpeta WordPress y cambia el nombre del archivo <strong>wp-config-sample.php<\/strong> a <strong>wp-config.php<\/strong>. Ahora abre e inserta los 4 elementos de informaci\u00f3n sobre tu base de datos en los 4 campos siguientes.<\/p>\n<p>Cambiar:<\/p>\n<blockquote><p>define(&#8216;DB_NAME&#8217;, &#8216;database_name_here&#8217;); \/\/ The name of the database<br \/>\ndefine(&#8216;DB_USER&#8217;, &#8216;username_here&#8217;); \/\/ Your MySQL username<br \/>\ndefine(&#8216;DB_PASSWORD&#8217;, &#8216;password_here&#8217;); \/\/ &#8230; and password<br \/>\ndefine(&#8216;DB_HOST&#8217;, &#8216;localhost&#8217;); \/\/ 99% chance you won&#8217;t need to change this value<\/p><\/blockquote>\n<p>A<\/p>\n<blockquote><p>define(&#8216;DB_NAME&#8217;, &#8216;yourDatabaseName&#8217;); \/\/ The name of the database<br \/>\ndefine(&#8216;DB_USER&#8217;, &#8216;your-username&#8217;); \/\/ Your MySQL username<br \/>\ndefine(&#8216;DB_PASSWORD&#8217;, &#8216;your-password&#8217;); \/\/ &#8230; and password<br \/>\ndefine(&#8216;DB_HOST&#8217;, &#8216;your-hostname&#8217;); \/\/ 99% chance you won&#8217;t need to change this value<\/p><\/blockquote>\n<p><strong><a name=\"upload\"><\/a>Elegir directorio de instalaci\u00f3n y cargar todo<\/strong><br \/>\nSi deseas que tu blog de WordPress en un directorio aparte de su sitio web, como \u00abyourdomain.com\/blog\u00bb, a continuaci\u00f3n, cambia el nombre de la carpeta \u00abwordpress\u00bb a \u00abblog\u00bb y cargarlo en el directorio ra\u00edz con un programa ftp.<\/p>\n<p>Si deseas que tu blog est\u00e9 en el directorio ra\u00edz de su sitio, es decir, el blog se ubicar\u00e1 en \u00abyourdomain.com\u00bb, simplemente abre la carpeta wordpress y carga todos los archivos y carpetas en su ra\u00edz web. Si ya tienes un archivo llamado index.html o index.php, tendr\u00e1s que cambiarle el nombre o deshacerse de \u00e9l antes de cargarlo todo.<\/p>\n<p><strong><a name=\"install\"><\/a>Finalizar e instalar<\/strong><br \/>\n8. En un navegador, ir al dominio donde ha subido WordPress y, a continuaci\u00f3n, a \/wp-admin\/install.php, y sigue las instrucciones simples all\u00ed.<\/p>\n<p>Eso es. Ahora tienes un nuevo blog. Ahora puedes iniciar sesi\u00f3n con tu nombre de usuario y contrase\u00f1a y comenzar a escribir.<\/p>\n<p>That&#8217;s it. You now have a new blog. You can now log in with your username and password, and start writing.<\/p>\n<p><strong>Descargar un tema de WordPress<\/strong><br \/>\nEsta es la parte divertida. Elegir un tema de WordPress. Hay muchos lugares para encontrar temas de WordPress. Cuando encuentres uno que te guste, s\u00f3lo tienes que descargarlo y descomprimirlo como con hiciste con el archivo ZIP de WordPress.<\/p>\n<h2><span id=\"6_Agregar_tema\"><strong>6. Agregar tema<\/strong><\/span><\/h2>\n<p>Puedes hacerlo despu\u00e9s de cargar, pero probablemente sea m\u00e1s f\u00e1cil hacerlo ahora.<\/p>\n<p>Busca la carpeta de temas. Est\u00e1 en los temas wordpress =&gt; wp-content =&gt;.<\/p>\n<p>Ya deber\u00eda haber 2 carpetas tem\u00e1ticas en la carpeta de temas, \u00abcl\u00e1sico\u00bb y \u00abpredeterminado\u00bb.<\/p>\n<p>Simplemente coloca la nueva carpeta de temas con ellos. (Recuerda, debe ser descomprimido primero)<\/p>\n<hr \/>\n<p>Hay muchas cosas que vienen a la mente y quieres expresar todo en Internet. Quieres que la gente de todas partes del mundo conozca tus ideas, sentimientos y aspiraciones para que se sientan inspirados por ti. Puedes ver blogs en cualquier parte de Internet y parec\u00eda f\u00e1cil para otros escritores escribir cada palabra que utilizan. Pero, cuando est\u00e1s a punto de comenzar, hay este sentimiento que te impide escribir. \u00a1S\u00ed! tienes muchas ideas, pero \u00bfpuedes realmente ponerlo en la escritura?<\/p>\n<p>\u00a1Bloguear no es f\u00e1cil, cr\u00e9anme! Y como un principiante, debes saber c\u00f3mo iniciar un blog, o de lo contrario, te resultar\u00e1 dif\u00edcil continuar con \u00e9xito. Y no quieres perder el tiempo, \u00bfverdad? Es por eso que desde el comienzo de tu viaje de blogs, debes pensar en las cosas que quieres compartir. S\u00f3lo ten fe en m\u00ed y juntos, alcanzaremos las estrellas.<\/p>\n<p>Tal vez te est\u00e9s preguntando de qu\u00e9 estoy hablando. Bueno, si sigues las directrices que te voy a ense\u00f1ar, tu blog ser\u00e1 sin duda ser\u00e1 uno de los mejores. Y cuando alcances eso, es justo como alcanzar las estrellas. \u00a1Oye! Eso lleva mucho tiempo si no sabes c\u00f3mo hacerlo. Acabo de llegar a pensar en los cientos y miles de personas que bloguean cada segundo. Esto s\u00f3lo significa que la competencia en la industria de blogs es realmente alta y hay una mayor probabilidad de \u00e9xito si y s\u00f3lo si se centran en lo que voy a estar ense\u00f1ando.<\/p>\n<p>No se preocupe por algunos gastos de efectivo que vas a hacer porque es simplemente natural. Recuerda, no hay tal cosa realmente gratis en este mundo hoy en d\u00eda. Al igual que en muchos otros negocios, cuanto m\u00e1s inviertes, m\u00e1s se podr\u00e1 esperar un mayor rendimiento. \u00a1Y eso es cierto con los blogs!<\/p>\n<p>\u00a1Debes comenzar ahora y disfrutar del viaje de blogs! No se olvide de sonar. Estar\u00e9 muy contenta de ayudarte. \u00a1Lo prometo!<\/p>\n<hr \/>\n","protected":false},"excerpt":{"rendered":"<p>\u00a1Bienvenido a mi blog sobre c\u00f3mo iniciar un blog! \u00a1Genial, haz dado tu primer paso del pie en el mundo de blogging! Cr\u00e9eme, una vez que uno se pone en marcha, puede convertirse en adictivo. Vamos al punto: Decidir acerca de que desea bloggear Decidir usar un host o no usarlo Buscar un nombre de [&hellip;]<\/p>\n","protected":false},"author":14,"featured_media":0,"parent":0,"menu_order":0,"comment_status":"closed","ping_status":"closed","template":"","meta":[],"_links":{"self":[{"href":"https:\/\/misshowtostartablog.com\/es\/wp-json\/wp\/v2\/pages\/975"}],"collection":[{"href":"https:\/\/misshowtostartablog.com\/es\/wp-json\/wp\/v2\/pages"}],"about":[{"href":"https:\/\/misshowtostartablog.com\/es\/wp-json\/wp\/v2\/types\/page"}],"author":[{"embeddable":true,"href":"https:\/\/misshowtostartablog.com\/es\/wp-json\/wp\/v2\/users\/14"}],"replies":[{"embeddable":true,"href":"https:\/\/misshowtostartablog.com\/es\/wp-json\/wp\/v2\/comments?post=975"}],"version-history":[{"count":2,"href":"https:\/\/misshowtostartablog.com\/es\/wp-json\/wp\/v2\/pages\/975\/revisions"}],"predecessor-version":[{"id":1177,"href":"https:\/\/misshowtostartablog.com\/es\/wp-json\/wp\/v2\/pages\/975\/revisions\/1177"}],"wp:attachment":[{"href":"https:\/\/misshowtostartablog.com\/es\/wp-json\/wp\/v2\/media?parent=975"}],"curies":[{"name":"wp","href":"https:\/\/api.w.org\/{rel}","templated":true}]}}